{"id":20594,"date":"2022-08-04T11:30:55","date_gmt":"2022-08-04T11:30:55","guid":{"rendered":"https:\/\/bcsagri.staging2.welcomedigital.it\/?post_type=product&#038;p=20594"},"modified":"2026-02-26T14:53:05","modified_gmt":"2026-02-26T12:53:05","slug":"740-powersafe","status":"publish","type":"product","link":"https:\/\/bcsagri.com\/de-de\/product\/740-powersafe\/","title":{"rendered":"740 PowerSafe\u00ae"},"content":{"rendered":"","protected":false},"excerpt":{"rendered":"","protected":false},"author":2,"featured_media":34022,"parent":0,"menu_order":764,"template":"","product_category":[605],"field_of_application":[604],"in_promotion":[],"filter_mdv-power":[],"filter_app-field-tractors":[],"filter_use_attrezzature":[],"filter_filter-use_mf-mc":[261,262],"filter_grass-collector":[],"filter_wheels-type":[],"filter_driving-position":[],"filter_chassis":[],"filter_trattori-power":[],"filter_conditioner":[],"filter_applicable":[],"filter_type":[],"filter_differential":[371],"filter_engine":[389,392],"filter_clutch":[405],"filter_transmission":[420],"filter_use":[],"class_list":["post-20594","product","type-product","status-publish","has-post-thumbnail","hentry","field_of_application-biologische-landwirtschaft","filter_filter-use_mf-mc-intensiv","filter_filter-use_mf-mc-profi","filter_differential-mit-sperre","filter_engine-benzin","filter_engine-diesel-de-de","filter_clutch-im-oelbad","filter_transmission-mechanisch"],"acf":[],"yoast_head":"<!-- This site is optimized with the Yoast SEO plugin v26.3 - https:\/\/yoast.com\/wordpress\/plugins\/seo\/ -->\n<title>740 PowerSafe\u00ae - Bcs<\/title>\n<meta name=\"description\" content=\"Professioneller Einachser f\u00fcr den intensiven Einsatz. Ideal f\u00fcr die Anlage und Pflege von Gem\u00fcseg\u00e4rten, die \u00f6ffentliche und private Gr\u00fcnfl\u00e4chenpflege, die Schneer\u00e4umung, das M\u00e4hen und die Zwischenreihenreinigung von Weinbergen, f\u00fcr Obstplantagen oder f\u00fcr gro\u00dffl\u00e4chiges Brachland.\" \/>\n<meta name=\"robots\" content=\"index, follow, max-snippet:-1, max-image-preview:large, max-video-preview:-1\" \/>\n<link rel=\"canonical\" href=\"https:\/\/bcsagri.com\/de-de\/product\/740-powersafe\/\" \/>\n<meta property=\"og:locale\" content=\"de_DE\" \/>\n<meta property=\"og:type\" content=\"article\" \/>\n<meta property=\"og:title\" content=\"740 PowerSafe\u00ae - Bcs\" \/>\n<meta property=\"og:description\" content=\"Professioneller Einachser f\u00fcr den intensiven Einsatz. Ideal f\u00fcr die Anlage und Pflege von Gem\u00fcseg\u00e4rten, die \u00f6ffentliche und private Gr\u00fcnfl\u00e4chenpflege, die Schneer\u00e4umung, das M\u00e4hen und die Zwischenreihenreinigung von Weinbergen, f\u00fcr Obstplantagen oder f\u00fcr gro\u00dffl\u00e4chiges Brachland.\" \/>\n<meta property=\"og:url\" content=\"https:\/\/bcsagri.com\/de-de\/product\/740-powersafe\/\" \/>\n<meta property=\"og:site_name\" content=\"Bcs\" \/>\n<meta property=\"article:modified_time\" content=\"2026-02-26T12:53:05+00:00\" \/>\n<meta property=\"og:image\" content=\"https:\/\/bcsagri.com\/wp-content\/uploads\/2024\/03\/740-PowerSafe-card.png\" \/>\n\t<meta property=\"og:image:width\" content=\"800\" \/>\n\t<meta property=\"og:image:height\" content=\"600\" \/>\n\t<meta property=\"og:image:type\" content=\"image\/png\" \/>\n<meta name=\"twitter:card\" content=\"summary_large_image\" \/>\n<meta name=\"twitter:label1\" content=\"Gesch\u00e4tzte Lesezeit\" \/>\n\t<meta name=\"twitter:data1\" content=\"1\u00a0Minute\" \/>\n<script type=\"application\/ld+json\" class=\"yoast-schema-graph\">{\"@context\":\"https:\/\/schema.org\",\"@graph\":[{\"@type\":\"WebPage\",\"@id\":\"https:\/\/bcsagri.com\/de-de\/product\/740-powersafe\/\",\"url\":\"https:\/\/bcsagri.com\/de-de\/product\/740-powersafe\/\",\"name\":\"740 PowerSafe\u00ae - Bcs\",\"isPartOf\":{\"@id\":\"https:\/\/bcsagri.com\/de-de\/#website\"},\"primaryImageOfPage\":{\"@id\":\"https:\/\/bcsagri.com\/de-de\/product\/740-powersafe\/#primaryimage\"},\"image\":{\"@id\":\"https:\/\/bcsagri.com\/de-de\/product\/740-powersafe\/#primaryimage\"},\"thumbnailUrl\":\"https:\/\/bcsagri.com\/wp-content\/uploads\/2024\/03\/740-PowerSafe-card.png\",\"datePublished\":\"2022-08-04T11:30:55+00:00\",\"dateModified\":\"2026-02-26T12:53:05+00:00\",\"description\":\"Professioneller Einachser f\u00fcr den intensiven Einsatz. Ideal f\u00fcr die Anlage und Pflege von Gem\u00fcseg\u00e4rten, die \u00f6ffentliche und private Gr\u00fcnfl\u00e4chenpflege, die Schneer\u00e4umung, das M\u00e4hen und die Zwischenreihenreinigung von Weinbergen, f\u00fcr Obstplantagen oder f\u00fcr gro\u00dffl\u00e4chiges Brachland.\",\"breadcrumb\":{\"@id\":\"https:\/\/bcsagri.com\/de-de\/product\/740-powersafe\/#breadcrumb\"},\"inLanguage\":\"de\",\"potentialAction\":[{\"@type\":\"ReadAction\",\"target\":[\"https:\/\/bcsagri.com\/de-de\/product\/740-powersafe\/\"]}]},{\"@type\":\"ImageObject\",\"inLanguage\":\"de\",\"@id\":\"https:\/\/bcsagri.com\/de-de\/product\/740-powersafe\/#primaryimage\",\"url\":\"https:\/\/bcsagri.com\/wp-content\/uploads\/2024\/03\/740-PowerSafe-card.png\",\"contentUrl\":\"https:\/\/bcsagri.com\/wp-content\/uploads\/2024\/03\/740-PowerSafe-card.png\",\"width\":800,\"height\":600,\"caption\":\"740-PowerSafe-card\"},{\"@type\":\"BreadcrumbList\",\"@id\":\"https:\/\/bcsagri.com\/de-de\/product\/740-powersafe\/#breadcrumb\",\"itemListElement\":[{\"@type\":\"ListItem\",\"position\":1,\"name\":\"Home\",\"item\":\"https:\/\/bcsagri.com\/de-de\/\"},{\"@type\":\"ListItem\",\"position\":2,\"name\":\"740 PowerSafe\u00ae\"}]},{\"@type\":\"WebSite\",\"@id\":\"https:\/\/bcsagri.com\/de-de\/#website\",\"url\":\"https:\/\/bcsagri.com\/de-de\/\",\"name\":\"Bcs\",\"description\":\"\",\"potentialAction\":[{\"@type\":\"SearchAction\",\"target\":{\"@type\":\"EntryPoint\",\"urlTemplate\":\"https:\/\/bcsagri.com\/de-de\/?s={search_term_string}\"},\"query-input\":{\"@type\":\"PropertyValueSpecification\",\"valueRequired\":true,\"valueName\":\"search_term_string\"}}],\"inLanguage\":\"de\"}]}<\/script>\n<!-- \/ Yoast SEO plugin. -->","yoast_head_json":{"title":"740 PowerSafe\u00ae - Bcs","description":"Professioneller Einachser f\u00fcr den intensiven Einsatz. Ideal f\u00fcr die Anlage und Pflege von Gem\u00fcseg\u00e4rten, die \u00f6ffentliche und private Gr\u00fcnfl\u00e4chenpflege, die Schneer\u00e4umung, das M\u00e4hen und die Zwischenreihenreinigung von Weinbergen, f\u00fcr Obstplantagen oder f\u00fcr gro\u00dffl\u00e4chiges Brachland.","robots":{"index":"index","follow":"follow","max-snippet":"max-snippet:-1","max-image-preview":"max-image-preview:large","max-video-preview":"max-video-preview:-1"},"canonical":"https:\/\/bcsagri.com\/de-de\/product\/740-powersafe\/","og_locale":"de_DE","og_type":"article","og_title":"740 PowerSafe\u00ae - Bcs","og_description":"Professioneller Einachser f\u00fcr den intensiven Einsatz. Ideal f\u00fcr die Anlage und Pflege von Gem\u00fcseg\u00e4rten, die \u00f6ffentliche und private Gr\u00fcnfl\u00e4chenpflege, die Schneer\u00e4umung, das M\u00e4hen und die Zwischenreihenreinigung von Weinbergen, f\u00fcr Obstplantagen oder f\u00fcr gro\u00dffl\u00e4chiges Brachland.","og_url":"https:\/\/bcsagri.com\/de-de\/product\/740-powersafe\/","og_site_name":"Bcs","article_modified_time":"2026-02-26T12:53:05+00:00","og_image":[{"width":800,"height":600,"url":"https:\/\/bcsagri.com\/wp-content\/uploads\/2024\/03\/740-PowerSafe-card.png","type":"image\/png"}],"twitter_card":"summary_large_image","twitter_misc":{"Gesch\u00e4tzte Lesezeit":"1\u00a0Minute"},"schema":{"@context":"https:\/\/schema.org","@graph":[{"@type":"WebPage","@id":"https:\/\/bcsagri.com\/de-de\/product\/740-powersafe\/","url":"https:\/\/bcsagri.com\/de-de\/product\/740-powersafe\/","name":"740 PowerSafe\u00ae - Bcs","isPartOf":{"@id":"https:\/\/bcsagri.com\/de-de\/#website"},"primaryImageOfPage":{"@id":"https:\/\/bcsagri.com\/de-de\/product\/740-powersafe\/#primaryimage"},"image":{"@id":"https:\/\/bcsagri.com\/de-de\/product\/740-powersafe\/#primaryimage"},"thumbnailUrl":"https:\/\/bcsagri.com\/wp-content\/uploads\/2024\/03\/740-PowerSafe-card.png","datePublished":"2022-08-04T11:30:55+00:00","dateModified":"2026-02-26T12:53:05+00:00","description":"Professioneller Einachser f\u00fcr den intensiven Einsatz. Ideal f\u00fcr die Anlage und Pflege von Gem\u00fcseg\u00e4rten, die \u00f6ffentliche und private Gr\u00fcnfl\u00e4chenpflege, die Schneer\u00e4umung, das M\u00e4hen und die Zwischenreihenreinigung von Weinbergen, f\u00fcr Obstplantagen oder f\u00fcr gro\u00dffl\u00e4chiges Brachland.","breadcrumb":{"@id":"https:\/\/bcsagri.com\/de-de\/product\/740-powersafe\/#breadcrumb"},"inLanguage":"de","potentialAction":[{"@type":"ReadAction","target":["https:\/\/bcsagri.com\/de-de\/product\/740-powersafe\/"]}]},{"@type":"ImageObject","inLanguage":"de","@id":"https:\/\/bcsagri.com\/de-de\/product\/740-powersafe\/#primaryimage","url":"https:\/\/bcsagri.com\/wp-content\/uploads\/2024\/03\/740-PowerSafe-card.png","contentUrl":"https:\/\/bcsagri.com\/wp-content\/uploads\/2024\/03\/740-PowerSafe-card.png","width":800,"height":600,"caption":"740-PowerSafe-card"},{"@type":"BreadcrumbList","@id":"https:\/\/bcsagri.com\/de-de\/product\/740-powersafe\/#breadcrumb","itemListElement":[{"@type":"ListItem","position":1,"name":"Home","item":"https:\/\/bcsagri.com\/de-de\/"},{"@type":"ListItem","position":2,"name":"740 PowerSafe\u00ae"}]},{"@type":"WebSite","@id":"https:\/\/bcsagri.com\/de-de\/#website","url":"https:\/\/bcsagri.com\/de-de\/","name":"Bcs","description":"","potentialAction":[{"@type":"SearchAction","target":{"@type":"EntryPoint","urlTemplate":"https:\/\/bcsagri.com\/de-de\/?s={search_term_string}"},"query-input":{"@type":"PropertyValueSpecification","valueRequired":true,"valueName":"search_term_string"}}],"inLanguage":"de"}]}},"_links":{"self":[{"href":"https:\/\/bcsagri.com\/de-de\/wp-json\/wp\/v2\/product\/20594","targetHints":{"allow":["GET"]}}],"collection":[{"href":"https:\/\/bcsagri.com\/de-de\/wp-json\/wp\/v2\/product"}],"about":[{"href":"https:\/\/bcsagri.com\/de-de\/wp-json\/wp\/v2\/types\/product"}],"author":[{"embeddable":true,"href":"https:\/\/bcsagri.com\/de-de\/wp-json\/wp\/v2\/users\/2"}],"wp:featuredmedia":[{"embeddable":true,"href":"https:\/\/bcsagri.com\/de-de\/wp-json\/wp\/v2\/media\/34022"}],"wp:attachment":[{"href":"https:\/\/bcsagri.com\/de-de\/wp-json\/wp\/v2\/media?parent=20594"}],"wp:term":[{"taxonomy":"product_category","embeddable":true,"href":"https:\/\/bcsagri.com\/de-de\/wp-json\/wp\/v2\/product_category?post=20594"},{"taxonomy":"field_of_application","embeddable":true,"href":"https:\/\/bcsagri.com\/de-de\/wp-json\/wp\/v2\/field_of_application?post=20594"},{"taxonomy":"in_promotion","embeddable":true,"href":"https:\/\/bcsagri.com\/de-de\/wp-json\/wp\/v2\/in_promotion?post=20594"},{"taxonomy":"filter_mdv-power","embeddable":true,"href":"https:\/\/bcsagri.com\/de-de\/wp-json\/wp\/v2\/filter_mdv-power?post=20594"},{"taxonomy":"filter_app-field-tractors","embeddable":true,"href":"https:\/\/bcsagri.com\/de-de\/wp-json\/wp\/v2\/filter_app-field-tractors?post=20594"},{"taxonomy":"filter_use_attrezzature","embeddable":true,"href":"https:\/\/bcsagri.com\/de-de\/wp-json\/wp\/v2\/filter_use_attrezzature?post=20594"},{"taxonomy":"filter_filter-use_mf-mc","embeddable":true,"href":"https:\/\/bcsagri.com\/de-de\/wp-json\/wp\/v2\/filter_filter-use_mf-mc?post=20594"},{"taxonomy":"filter_grass-collector","embeddable":true,"href":"https:\/\/bcsagri.com\/de-de\/wp-json\/wp\/v2\/filter_grass-collector?post=20594"},{"taxonomy":"filter_wheels-type","embeddable":true,"href":"https:\/\/bcsagri.com\/de-de\/wp-json\/wp\/v2\/filter_wheels-type?post=20594"},{"taxonomy":"filter_driving-position","embeddable":true,"href":"https:\/\/bcsagri.com\/de-de\/wp-json\/wp\/v2\/filter_driving-position?post=20594"},{"taxonomy":"filter_chassis","embeddable":true,"href":"https:\/\/bcsagri.com\/de-de\/wp-json\/wp\/v2\/filter_chassis?post=20594"},{"taxonomy":"filter_trattori-power","embeddable":true,"href":"https:\/\/bcsagri.com\/de-de\/wp-json\/wp\/v2\/filter_trattori-power?post=20594"},{"taxonomy":"filter_conditioner","embeddable":true,"href":"https:\/\/bcsagri.com\/de-de\/wp-json\/wp\/v2\/filter_conditioner?post=20594"},{"taxonomy":"filter_applicable","embeddable":true,"href":"https:\/\/bcsagri.com\/de-de\/wp-json\/wp\/v2\/filter_applicable?post=20594"},{"taxonomy":"filter_type","embeddable":true,"href":"https:\/\/bcsagri.com\/de-de\/wp-json\/wp\/v2\/filter_type?post=20594"},{"taxonomy":"filter_differential","embeddable":true,"href":"https:\/\/bcsagri.com\/de-de\/wp-json\/wp\/v2\/filter_differential?post=20594"},{"taxonomy":"filter_engine","embeddable":true,"href":"https:\/\/bcsagri.com\/de-de\/wp-json\/wp\/v2\/filter_engine?post=20594"},{"taxonomy":"filter_clutch","embeddable":true,"href":"https:\/\/bcsagri.com\/de-de\/wp-json\/wp\/v2\/filter_clutch?post=20594"},{"taxonomy":"filter_transmission","embeddable":true,"href":"https:\/\/bcsagri.com\/de-de\/wp-json\/wp\/v2\/filter_transmission?post=20594"},{"taxonomy":"filter_use","embeddable":true,"href":"https:\/\/bcsagri.com\/de-de\/wp-json\/wp\/v2\/filter_use?post=20594"}],"curies":[{"name":"wp","href":"https:\/\/api.w.org\/{rel}","templated":true}]}}