{"id":15898,"date":"2020-12-29T13:55:14","date_gmt":"2020-12-29T13:55:14","guid":{"rendered":"https:\/\/bcsagri.staging2.welcomedigital.it\/home\/"},"modified":"2026-02-26T17:37:39","modified_gmt":"2026-02-26T15:37:39","slug":"home","status":"publish","type":"page","link":"https:\/\/bcsagri.com\/fr-001\/","title":{"rendered":"Home"},"content":{"rendered":"","protected":false},"excerpt":{"rendered":"","protected":false},"author":1,"featured_media":0,"parent":0,"menu_order":0,"comment_status":"closed","ping_status":"closed","template":"template-homepage.php","meta":{"_acf_changed":false,"footnotes":""},"class_list":["post-15898","page","type-page","status-publish","hentry"],"acf":[],"yoast_head":"<!-- This site is optimized with the Yoast SEO plugin v26.3 - https:\/\/yoast.com\/wordpress\/plugins\/seo\/ -->\n<title>BCS | Motofaucheuses, Motoculteurs, Tracteurs sp\u00e9cialis\u00e9s<\/title>\n<meta name=\"description\" content=\"Entreprise Italienne leader dans la m\u00e9canisation agricole depuis 1943. Il con\u00e7oit et fabrique des motofaucheuses, des motoculteurs, des tracteurs sp\u00e9cialis\u00e9s dans les vignes et les vergers, des \u00e9quipements de fauchage des fourrages et des machines professionnelles pour l\u2019entretien des espaces verts.\" \/>\n<meta name=\"robots\" content=\"index, follow, max-snippet:-1, max-image-preview:large, max-video-preview:-1\" \/>\n<link rel=\"canonical\" href=\"https:\/\/bcsagri.com\/fr-001\/\" \/>\n<meta property=\"og:locale\" content=\"fr_FR\" \/>\n<meta property=\"og:type\" content=\"article\" \/>\n<meta property=\"og:title\" content=\"BCS | Motofaucheuses, Motoculteurs, Tracteurs sp\u00e9cialis\u00e9s\" \/>\n<meta property=\"og:description\" content=\"Entreprise Italienne leader dans la m\u00e9canisation agricole depuis 1943. Il con\u00e7oit et fabrique des motofaucheuses, des motoculteurs, des tracteurs sp\u00e9cialis\u00e9s dans les vignes et les vergers, des \u00e9quipements de fauchage des fourrages et des machines professionnelles pour l\u2019entretien des espaces verts.\" \/>\n<meta property=\"og:url\" content=\"https:\/\/bcsagri.com\/fr-001\/\" \/>\n<meta property=\"og:site_name\" content=\"Bcs\" \/>\n<meta property=\"article:modified_time\" content=\"2026-02-26T15:37:39+00:00\" \/>\n<meta name=\"twitter:card\" content=\"summary_large_image\" \/>\n<script type=\"application\/ld+json\" class=\"yoast-schema-graph\">{\"@context\":\"https:\/\/schema.org\",\"@graph\":[{\"@type\":\"WebPage\",\"@id\":\"https:\/\/bcsagri.com\/fr-001\/\",\"url\":\"https:\/\/bcsagri.com\/fr-001\/\",\"name\":\"BCS | Motofaucheuses, Motoculteurs, Tracteurs sp\u00e9cialis\u00e9s\",\"isPartOf\":{\"@id\":\"https:\/\/bcsagri.com\/fr-001\/#website\"},\"datePublished\":\"2020-12-29T13:55:14+00:00\",\"dateModified\":\"2026-02-26T15:37:39+00:00\",\"description\":\"Entreprise Italienne leader dans la m\u00e9canisation agricole depuis 1943. Il con\u00e7oit et fabrique des motofaucheuses, des motoculteurs, des tracteurs sp\u00e9cialis\u00e9s dans les vignes et les vergers, des \u00e9quipements de fauchage des fourrages et des machines professionnelles pour l\u2019entretien des espaces verts.\",\"breadcrumb\":{\"@id\":\"https:\/\/bcsagri.com\/fr-001\/#breadcrumb\"},\"inLanguage\":\"fr-001\",\"potentialAction\":[{\"@type\":\"ReadAction\",\"target\":[\"https:\/\/bcsagri.com\/fr-001\/\"]}]},{\"@type\":\"BreadcrumbList\",\"@id\":\"https:\/\/bcsagri.com\/fr-001\/#breadcrumb\",\"itemListElement\":[{\"@type\":\"ListItem\",\"position\":1,\"name\":\"Home\",\"item\":\"https:\/\/bcsagri.com\/fr-001\/\"},{\"@type\":\"ListItem\",\"position\":2,\"name\":\"Home\"}]},{\"@type\":\"WebSite\",\"@id\":\"https:\/\/bcsagri.com\/fr-001\/#website\",\"url\":\"https:\/\/bcsagri.com\/fr-001\/\",\"name\":\"Bcs\",\"description\":\"\",\"potentialAction\":[{\"@type\":\"SearchAction\",\"target\":{\"@type\":\"EntryPoint\",\"urlTemplate\":\"https:\/\/bcsagri.com\/fr-001\/?s={search_term_string}\"},\"query-input\":{\"@type\":\"PropertyValueSpecification\",\"valueRequired\":true,\"valueName\":\"search_term_string\"}}],\"inLanguage\":\"fr-001\"}]}<\/script>\n<!-- \/ Yoast SEO plugin. -->","yoast_head_json":{"title":"BCS | Motofaucheuses, Motoculteurs, Tracteurs sp\u00e9cialis\u00e9s","description":"Entreprise Italienne leader dans la m\u00e9canisation agricole depuis 1943. Il con\u00e7oit et fabrique des motofaucheuses, des motoculteurs, des tracteurs sp\u00e9cialis\u00e9s dans les vignes et les vergers, des \u00e9quipements de fauchage des fourrages et des machines professionnelles pour l\u2019entretien des espaces verts.","robots":{"index":"index","follow":"follow","max-snippet":"max-snippet:-1","max-image-preview":"max-image-preview:large","max-video-preview":"max-video-preview:-1"},"canonical":"https:\/\/bcsagri.com\/fr-001\/","og_locale":"fr_FR","og_type":"article","og_title":"BCS | Motofaucheuses, Motoculteurs, Tracteurs sp\u00e9cialis\u00e9s","og_description":"Entreprise Italienne leader dans la m\u00e9canisation agricole depuis 1943. Il con\u00e7oit et fabrique des motofaucheuses, des motoculteurs, des tracteurs sp\u00e9cialis\u00e9s dans les vignes et les vergers, des \u00e9quipements de fauchage des fourrages et des machines professionnelles pour l\u2019entretien des espaces verts.","og_url":"https:\/\/bcsagri.com\/fr-001\/","og_site_name":"Bcs","article_modified_time":"2026-02-26T15:37:39+00:00","twitter_card":"summary_large_image","schema":{"@context":"https:\/\/schema.org","@graph":[{"@type":"WebPage","@id":"https:\/\/bcsagri.com\/fr-001\/","url":"https:\/\/bcsagri.com\/fr-001\/","name":"BCS | Motofaucheuses, Motoculteurs, Tracteurs sp\u00e9cialis\u00e9s","isPartOf":{"@id":"https:\/\/bcsagri.com\/fr-001\/#website"},"datePublished":"2020-12-29T13:55:14+00:00","dateModified":"2026-02-26T15:37:39+00:00","description":"Entreprise Italienne leader dans la m\u00e9canisation agricole depuis 1943. Il con\u00e7oit et fabrique des motofaucheuses, des motoculteurs, des tracteurs sp\u00e9cialis\u00e9s dans les vignes et les vergers, des \u00e9quipements de fauchage des fourrages et des machines professionnelles pour l\u2019entretien des espaces verts.","breadcrumb":{"@id":"https:\/\/bcsagri.com\/fr-001\/#breadcrumb"},"inLanguage":"fr-001","potentialAction":[{"@type":"ReadAction","target":["https:\/\/bcsagri.com\/fr-001\/"]}]},{"@type":"BreadcrumbList","@id":"https:\/\/bcsagri.com\/fr-001\/#breadcrumb","itemListElement":[{"@type":"ListItem","position":1,"name":"Home","item":"https:\/\/bcsagri.com\/fr-001\/"},{"@type":"ListItem","position":2,"name":"Home"}]},{"@type":"WebSite","@id":"https:\/\/bcsagri.com\/fr-001\/#website","url":"https:\/\/bcsagri.com\/fr-001\/","name":"Bcs","description":"","potentialAction":[{"@type":"SearchAction","target":{"@type":"EntryPoint","urlTemplate":"https:\/\/bcsagri.com\/fr-001\/?s={search_term_string}"},"query-input":{"@type":"PropertyValueSpecification","valueRequired":true,"valueName":"search_term_string"}}],"inLanguage":"fr-001"}]}},"_links":{"self":[{"href":"https:\/\/bcsagri.com\/fr-001\/wp-json\/wp\/v2\/pages\/15898","targetHints":{"allow":["GET"]}}],"collection":[{"href":"https:\/\/bcsagri.com\/fr-001\/wp-json\/wp\/v2\/pages"}],"about":[{"href":"https:\/\/bcsagri.com\/fr-001\/wp-json\/wp\/v2\/types\/page"}],"author":[{"embeddable":true,"href":"https:\/\/bcsagri.com\/fr-001\/wp-json\/wp\/v2\/users\/1"}],"replies":[{"embeddable":true,"href":"https:\/\/bcsagri.com\/fr-001\/wp-json\/wp\/v2\/comments?post=15898"}],"version-history":[{"count":52,"href":"https:\/\/bcsagri.com\/fr-001\/wp-json\/wp\/v2\/pages\/15898\/revisions"}],"predecessor-version":[{"id":43566,"href":"https:\/\/bcsagri.com\/fr-001\/wp-json\/wp\/v2\/pages\/15898\/revisions\/43566"}],"wp:attachment":[{"href":"https:\/\/bcsagri.com\/fr-001\/wp-json\/wp\/v2\/media?parent=15898"}],"curies":[{"name":"wp","href":"https:\/\/api.w.org\/{rel}","templated":true}]}}