{"id":18137,"date":"2022-05-18T07:01:54","date_gmt":"2022-05-18T07:01:54","guid":{"rendered":"https:\/\/bcsagri.staging2.welcomedigital.it\/?post_type=product&#038;p=18137"},"modified":"2026-02-26T16:05:34","modified_gmt":"2026-02-26T14:05:34","slug":"615-powersafe","status":"publish","type":"product","link":"https:\/\/bcsagri.com\/fr-001\/product\/615-powersafe\/","title":{"rendered":"615 PowerSafe\u00ae"},"content":{"rendered":"","protected":false},"excerpt":{"rendered":"","protected":false},"author":2,"featured_media":5595,"parent":0,"menu_order":256,"template":"","product_category":[155],"field_of_application":[],"in_promotion":[],"filter_mdv-power":[],"filter_app-field-tractors":[],"filter_use_attrezzature":[],"filter_filter-use_mf-mc":[264],"filter_grass-collector":[],"filter_wheels-type":[],"filter_driving-position":[],"filter_chassis":[],"filter_trattori-power":[],"filter_conditioner":[],"filter_applicable":[],"filter_type":[],"filter_differential":[383],"filter_engine":[388],"filter_clutch":[402],"filter_transmission":[419],"filter_use":[],"class_list":["post-18137","product","type-product","status-publish","has-post-thumbnail","hentry","filter_filter-use_mf-mc-amateur-fr-001","filter_differential-sans-fr-001","filter_engine-essence-fr-001","filter_clutch-a-bain-dhuile-fr-001","filter_transmission-mecanique-fr-001"],"acf":[],"yoast_head":"<!-- This site is optimized with the Yoast SEO plugin v26.3 - https:\/\/yoast.com\/wordpress\/plugins\/seo\/ -->\n<title>Motofaucheuse 615 PowerSafe\u00ae - Bcs<\/title>\n<meta name=\"description\" content=\"Motofaucheuse puissante mais en m\u00eame temps l\u00e9g\u00e8re et compacte. Facile \u00e0 utiliser, elle est con\u00e7ue pour les particuliers qui doivent faucher ou tondre du gazon sur de petites parcelles ou dans des espaces restreints.\" \/>\n<meta name=\"robots\" content=\"index, follow, max-snippet:-1, max-image-preview:large, max-video-preview:-1\" \/>\n<link rel=\"canonical\" href=\"https:\/\/bcsagri.com\/fr-001\/product\/615-powersafe\/\" \/>\n<meta property=\"og:locale\" content=\"fr_FR\" \/>\n<meta property=\"og:type\" content=\"article\" \/>\n<meta property=\"og:title\" content=\"Motofaucheuse 615 PowerSafe\u00ae - Bcs\" \/>\n<meta property=\"og:description\" content=\"Motofaucheuse puissante mais en m\u00eame temps l\u00e9g\u00e8re et compacte. Facile \u00e0 utiliser, elle est con\u00e7ue pour les particuliers qui doivent faucher ou tondre du gazon sur de petites parcelles ou dans des espaces restreints.\" \/>\n<meta property=\"og:url\" content=\"https:\/\/bcsagri.com\/fr-001\/product\/615-powersafe\/\" \/>\n<meta property=\"og:site_name\" content=\"Bcs\" \/>\n<meta property=\"article:modified_time\" content=\"2026-02-26T14:05:34+00:00\" \/>\n<meta property=\"og:image\" content=\"https:\/\/bcsagri.com\/wp-content\/uploads\/2021\/03\/615-powersafe-card.png\" \/>\n\t<meta property=\"og:image:width\" content=\"800\" \/>\n\t<meta property=\"og:image:height\" content=\"600\" \/>\n\t<meta property=\"og:image:type\" content=\"image\/png\" \/>\n<meta name=\"twitter:card\" content=\"summary_large_image\" \/>\n<meta name=\"twitter:label1\" content=\"Est. reading time\" \/>\n\t<meta name=\"twitter:data1\" content=\"1 minute\" \/>\n<script type=\"application\/ld+json\" class=\"yoast-schema-graph\">{\"@context\":\"https:\/\/schema.org\",\"@graph\":[{\"@type\":\"WebPage\",\"@id\":\"https:\/\/bcsagri.com\/fr-001\/product\/615-powersafe\/\",\"url\":\"https:\/\/bcsagri.com\/fr-001\/product\/615-powersafe\/\",\"name\":\"Motofaucheuse 615 PowerSafe\u00ae - Bcs\",\"isPartOf\":{\"@id\":\"https:\/\/bcsagri.com\/fr-001\/#website\"},\"primaryImageOfPage\":{\"@id\":\"https:\/\/bcsagri.com\/fr-001\/product\/615-powersafe\/#primaryimage\"},\"image\":{\"@id\":\"https:\/\/bcsagri.com\/fr-001\/product\/615-powersafe\/#primaryimage\"},\"thumbnailUrl\":\"https:\/\/bcsagri.com\/wp-content\/uploads\/2021\/03\/615-powersafe-card.png\",\"datePublished\":\"2022-05-18T07:01:54+00:00\",\"dateModified\":\"2026-02-26T14:05:34+00:00\",\"description\":\"Motofaucheuse puissante mais en m\u00eame temps l\u00e9g\u00e8re et compacte. Facile \u00e0 utiliser, elle est con\u00e7ue pour les particuliers qui doivent faucher ou tondre du gazon sur de petites parcelles ou dans des espaces restreints.\",\"breadcrumb\":{\"@id\":\"https:\/\/bcsagri.com\/fr-001\/product\/615-powersafe\/#breadcrumb\"},\"inLanguage\":\"fr-001\",\"potentialAction\":[{\"@type\":\"ReadAction\",\"target\":[\"https:\/\/bcsagri.com\/fr-001\/product\/615-powersafe\/\"]}]},{\"@type\":\"ImageObject\",\"inLanguage\":\"fr-001\",\"@id\":\"https:\/\/bcsagri.com\/fr-001\/product\/615-powersafe\/#primaryimage\",\"url\":\"https:\/\/bcsagri.com\/wp-content\/uploads\/2021\/03\/615-powersafe-card.png\",\"contentUrl\":\"https:\/\/bcsagri.com\/wp-content\/uploads\/2021\/03\/615-powersafe-card.png\",\"width\":800,\"height\":600,\"caption\":\"Motofalciatrice 615 powersafe\"},{\"@type\":\"BreadcrumbList\",\"@id\":\"https:\/\/bcsagri.com\/fr-001\/product\/615-powersafe\/#breadcrumb\",\"itemListElement\":[{\"@type\":\"ListItem\",\"position\":1,\"name\":\"Home\",\"item\":\"https:\/\/bcsagri.com\/fr-001\/\"},{\"@type\":\"ListItem\",\"position\":2,\"name\":\"615 PowerSafe\u00ae\"}]},{\"@type\":\"WebSite\",\"@id\":\"https:\/\/bcsagri.com\/fr-001\/#website\",\"url\":\"https:\/\/bcsagri.com\/fr-001\/\",\"name\":\"Bcs\",\"description\":\"\",\"potentialAction\":[{\"@type\":\"SearchAction\",\"target\":{\"@type\":\"EntryPoint\",\"urlTemplate\":\"https:\/\/bcsagri.com\/fr-001\/?s={search_term_string}\"},\"query-input\":{\"@type\":\"PropertyValueSpecification\",\"valueRequired\":true,\"valueName\":\"search_term_string\"}}],\"inLanguage\":\"fr-001\"}]}<\/script>\n<!-- \/ Yoast SEO plugin. -->","yoast_head_json":{"title":"Motofaucheuse 615 PowerSafe\u00ae - Bcs","description":"Motofaucheuse puissante mais en m\u00eame temps l\u00e9g\u00e8re et compacte. Facile \u00e0 utiliser, elle est con\u00e7ue pour les particuliers qui doivent faucher ou tondre du gazon sur de petites parcelles ou dans des espaces restreints.","robots":{"index":"index","follow":"follow","max-snippet":"max-snippet:-1","max-image-preview":"max-image-preview:large","max-video-preview":"max-video-preview:-1"},"canonical":"https:\/\/bcsagri.com\/fr-001\/product\/615-powersafe\/","og_locale":"fr_FR","og_type":"article","og_title":"Motofaucheuse 615 PowerSafe\u00ae - Bcs","og_description":"Motofaucheuse puissante mais en m\u00eame temps l\u00e9g\u00e8re et compacte. Facile \u00e0 utiliser, elle est con\u00e7ue pour les particuliers qui doivent faucher ou tondre du gazon sur de petites parcelles ou dans des espaces restreints.","og_url":"https:\/\/bcsagri.com\/fr-001\/product\/615-powersafe\/","og_site_name":"Bcs","article_modified_time":"2026-02-26T14:05:34+00:00","og_image":[{"width":800,"height":600,"url":"https:\/\/bcsagri.com\/wp-content\/uploads\/2021\/03\/615-powersafe-card.png","type":"image\/png"}],"twitter_card":"summary_large_image","twitter_misc":{"Est. reading time":"1 minute"},"schema":{"@context":"https:\/\/schema.org","@graph":[{"@type":"WebPage","@id":"https:\/\/bcsagri.com\/fr-001\/product\/615-powersafe\/","url":"https:\/\/bcsagri.com\/fr-001\/product\/615-powersafe\/","name":"Motofaucheuse 615 PowerSafe\u00ae - Bcs","isPartOf":{"@id":"https:\/\/bcsagri.com\/fr-001\/#website"},"primaryImageOfPage":{"@id":"https:\/\/bcsagri.com\/fr-001\/product\/615-powersafe\/#primaryimage"},"image":{"@id":"https:\/\/bcsagri.com\/fr-001\/product\/615-powersafe\/#primaryimage"},"thumbnailUrl":"https:\/\/bcsagri.com\/wp-content\/uploads\/2021\/03\/615-powersafe-card.png","datePublished":"2022-05-18T07:01:54+00:00","dateModified":"2026-02-26T14:05:34+00:00","description":"Motofaucheuse puissante mais en m\u00eame temps l\u00e9g\u00e8re et compacte. Facile \u00e0 utiliser, elle est con\u00e7ue pour les particuliers qui doivent faucher ou tondre du gazon sur de petites parcelles ou dans des espaces restreints.","breadcrumb":{"@id":"https:\/\/bcsagri.com\/fr-001\/product\/615-powersafe\/#breadcrumb"},"inLanguage":"fr-001","potentialAction":[{"@type":"ReadAction","target":["https:\/\/bcsagri.com\/fr-001\/product\/615-powersafe\/"]}]},{"@type":"ImageObject","inLanguage":"fr-001","@id":"https:\/\/bcsagri.com\/fr-001\/product\/615-powersafe\/#primaryimage","url":"https:\/\/bcsagri.com\/wp-content\/uploads\/2021\/03\/615-powersafe-card.png","contentUrl":"https:\/\/bcsagri.com\/wp-content\/uploads\/2021\/03\/615-powersafe-card.png","width":800,"height":600,"caption":"Motofalciatrice 615 powersafe"},{"@type":"BreadcrumbList","@id":"https:\/\/bcsagri.com\/fr-001\/product\/615-powersafe\/#breadcrumb","itemListElement":[{"@type":"ListItem","position":1,"name":"Home","item":"https:\/\/bcsagri.com\/fr-001\/"},{"@type":"ListItem","position":2,"name":"615 PowerSafe\u00ae"}]},{"@type":"WebSite","@id":"https:\/\/bcsagri.com\/fr-001\/#website","url":"https:\/\/bcsagri.com\/fr-001\/","name":"Bcs","description":"","potentialAction":[{"@type":"SearchAction","target":{"@type":"EntryPoint","urlTemplate":"https:\/\/bcsagri.com\/fr-001\/?s={search_term_string}"},"query-input":{"@type":"PropertyValueSpecification","valueRequired":true,"valueName":"search_term_string"}}],"inLanguage":"fr-001"}]}},"_links":{"self":[{"href":"https:\/\/bcsagri.com\/fr-001\/wp-json\/wp\/v2\/product\/18137","targetHints":{"allow":["GET"]}}],"collection":[{"href":"https:\/\/bcsagri.com\/fr-001\/wp-json\/wp\/v2\/product"}],"about":[{"href":"https:\/\/bcsagri.com\/fr-001\/wp-json\/wp\/v2\/types\/product"}],"author":[{"embeddable":true,"href":"https:\/\/bcsagri.com\/fr-001\/wp-json\/wp\/v2\/users\/2"}],"wp:featuredmedia":[{"embeddable":true,"href":"https:\/\/bcsagri.com\/fr-001\/wp-json\/wp\/v2\/media\/5595"}],"wp:attachment":[{"href":"https:\/\/bcsagri.com\/fr-001\/wp-json\/wp\/v2\/media?parent=18137"}],"wp:term":[{"taxonomy":"product_category","embeddable":true,"href":"https:\/\/bcsagri.com\/fr-001\/wp-json\/wp\/v2\/product_category?post=18137"},{"taxonomy":"field_of_application","embeddable":true,"href":"https:\/\/bcsagri.com\/fr-001\/wp-json\/wp\/v2\/field_of_application?post=18137"},{"taxonomy":"in_promotion","embeddable":true,"href":"https:\/\/bcsagri.com\/fr-001\/wp-json\/wp\/v2\/in_promotion?post=18137"},{"taxonomy":"filter_mdv-power","embeddable":true,"href":"https:\/\/bcsagri.com\/fr-001\/wp-json\/wp\/v2\/filter_mdv-power?post=18137"},{"taxonomy":"filter_app-field-tractors","embeddable":true,"href":"https:\/\/bcsagri.com\/fr-001\/wp-json\/wp\/v2\/filter_app-field-tractors?post=18137"},{"taxonomy":"filter_use_attrezzature","embeddable":true,"href":"https:\/\/bcsagri.com\/fr-001\/wp-json\/wp\/v2\/filter_use_attrezzature?post=18137"},{"taxonomy":"filter_filter-use_mf-mc","embeddable":true,"href":"https:\/\/bcsagri.com\/fr-001\/wp-json\/wp\/v2\/filter_filter-use_mf-mc?post=18137"},{"taxonomy":"filter_grass-collector","embeddable":true,"href":"https:\/\/bcsagri.com\/fr-001\/wp-json\/wp\/v2\/filter_grass-collector?post=18137"},{"taxonomy":"filter_wheels-type","embeddable":true,"href":"https:\/\/bcsagri.com\/fr-001\/wp-json\/wp\/v2\/filter_wheels-type?post=18137"},{"taxonomy":"filter_driving-position","embeddable":true,"href":"https:\/\/bcsagri.com\/fr-001\/wp-json\/wp\/v2\/filter_driving-position?post=18137"},{"taxonomy":"filter_chassis","embeddable":true,"href":"https:\/\/bcsagri.com\/fr-001\/wp-json\/wp\/v2\/filter_chassis?post=18137"},{"taxonomy":"filter_trattori-power","embeddable":true,"href":"https:\/\/bcsagri.com\/fr-001\/wp-json\/wp\/v2\/filter_trattori-power?post=18137"},{"taxonomy":"filter_conditioner","embeddable":true,"href":"https:\/\/bcsagri.com\/fr-001\/wp-json\/wp\/v2\/filter_conditioner?post=18137"},{"taxonomy":"filter_applicable","embeddable":true,"href":"https:\/\/bcsagri.com\/fr-001\/wp-json\/wp\/v2\/filter_applicable?post=18137"},{"taxonomy":"filter_type","embeddable":true,"href":"https:\/\/bcsagri.com\/fr-001\/wp-json\/wp\/v2\/filter_type?post=18137"},{"taxonomy":"filter_differential","embeddable":true,"href":"https:\/\/bcsagri.com\/fr-001\/wp-json\/wp\/v2\/filter_differential?post=18137"},{"taxonomy":"filter_engine","embeddable":true,"href":"https:\/\/bcsagri.com\/fr-001\/wp-json\/wp\/v2\/filter_engine?post=18137"},{"taxonomy":"filter_clutch","embeddable":true,"href":"https:\/\/bcsagri.com\/fr-001\/wp-json\/wp\/v2\/filter_clutch?post=18137"},{"taxonomy":"filter_transmission","embeddable":true,"href":"https:\/\/bcsagri.com\/fr-001\/wp-json\/wp\/v2\/filter_transmission?post=18137"},{"taxonomy":"filter_use","embeddable":true,"href":"https:\/\/bcsagri.com\/fr-001\/wp-json\/wp\/v2\/filter_use?post=18137"}],"curies":[{"name":"wp","href":"https:\/\/api.w.org\/{rel}","templated":true}]}}