{"id":19403,"date":"2022-06-17T11:35:59","date_gmt":"2022-06-17T11:35:59","guid":{"rendered":"https:\/\/bcsagri.staging2.welcomedigital.it\/?post_type=product&#038;p=19403"},"modified":"2025-09-19T11:41:42","modified_gmt":"2025-09-19T09:41:42","slug":"eagle-k90-dualsteer","status":"publish","type":"product","link":"https:\/\/bcsagri.com\/fr-001\/product\/eagle-k90\/eagle-k90-dualsteer\/","title":{"rendered":"Eagle K90 DUALSTEER\u00ae"},"content":{"rendered":"","protected":false},"excerpt":{"rendered":"","protected":false},"author":2,"featured_media":30454,"parent":19398,"menu_order":224,"template":"","product_category":[159],"field_of_application":[560,561,562],"in_promotion":[],"filter_mdv-power":[],"filter_app-field-tractors":[],"filter_use_attrezzature":[],"filter_filter-use_mf-mc":[],"filter_grass-collector":[],"filter_wheels-type":[295],"filter_driving-position":[],"filter_chassis":[319],"filter_trattori-power":[601],"filter_conditioner":[],"filter_applicable":[],"filter_type":[],"filter_differential":[],"filter_engine":[],"filter_clutch":[],"filter_transmission":[],"filter_use":[],"class_list":["post-19403","product","type-product","status-publish","has-post-thumbnail","hentry","field_of_application-vignoble-fr-001","field_of_application-verger-fr-001","field_of_application-serre-fr-001","filter_wheels-type-roues-differenciees-fr-001","filter_chassis-dualsteer-fr-001","filter_trattori-power-plus-de-70-cv-fr-001"],"acf":[],"yoast_head":"<!-- This site is optimized with the Yoast SEO plugin v26.3 - https:\/\/yoast.com\/wordpress\/plugins\/seo\/ -->\n<title>Eagle K90 DUALSTEER\u00ae - Bcs<\/title>\n<meta name=\"description\" content=\"Tracteur compact et agile, dot\u00e9 d\u2019un couple moteur puissant, cr\u00e9\u00e9 pour travailler dans les serres, les oliveraies, les vergers et les vignobles m\u00eame en pente, les syst\u00e8mes en pergola ou caract\u00e9ris\u00e9s par des feuillages bas.\" \/>\n<meta name=\"robots\" content=\"index, follow, max-snippet:-1, max-image-preview:large, max-video-preview:-1\" \/>\n<link rel=\"canonical\" href=\"https:\/\/bcsagri.com\/fr-001\/product\/eagle-k90\/eagle-k90-dualsteer\/\" \/>\n<meta property=\"og:locale\" content=\"fr_FR\" \/>\n<meta property=\"og:type\" content=\"article\" \/>\n<meta property=\"og:title\" content=\"Eagle K90 DUALSTEER\u00ae - Bcs\" \/>\n<meta property=\"og:description\" content=\"Tracteur compact et agile, dot\u00e9 d\u2019un couple moteur puissant, cr\u00e9\u00e9 pour travailler dans les serres, les oliveraies, les vergers et les vignobles m\u00eame en pente, les syst\u00e8mes en pergola ou caract\u00e9ris\u00e9s par des feuillages bas.\" \/>\n<meta property=\"og:url\" content=\"https:\/\/bcsagri.com\/fr-001\/product\/eagle-k90\/eagle-k90-dualsteer\/\" \/>\n<meta property=\"og:site_name\" content=\"Bcs\" \/>\n<meta property=\"article:modified_time\" content=\"2025-09-19T09:41:42+00:00\" \/>\n<meta property=\"og:image\" content=\"https:\/\/bcsagri.com\/wp-content\/uploads\/2021\/05\/Eagle-K90-card.png\" \/>\n\t<meta property=\"og:image:width\" content=\"800\" \/>\n\t<meta property=\"og:image:height\" content=\"600\" \/>\n\t<meta property=\"og:image:type\" content=\"image\/png\" \/>\n<meta name=\"twitter:card\" content=\"summary_large_image\" \/>\n<meta name=\"twitter:label1\" content=\"Est. reading time\" \/>\n\t<meta name=\"twitter:data1\" content=\"1 minute\" \/>\n<script type=\"application\/ld+json\" class=\"yoast-schema-graph\">{\"@context\":\"https:\/\/schema.org\",\"@graph\":[{\"@type\":\"WebPage\",\"@id\":\"https:\/\/bcsagri.com\/fr-001\/product\/eagle-k90\/eagle-k90-dualsteer\/\",\"url\":\"https:\/\/bcsagri.com\/fr-001\/product\/eagle-k90\/eagle-k90-dualsteer\/\",\"name\":\"Eagle K90 DUALSTEER\u00ae - Bcs\",\"isPartOf\":{\"@id\":\"https:\/\/bcsagri.com\/fr-001\/#website\"},\"primaryImageOfPage\":{\"@id\":\"https:\/\/bcsagri.com\/fr-001\/product\/eagle-k90\/eagle-k90-dualsteer\/#primaryimage\"},\"image\":{\"@id\":\"https:\/\/bcsagri.com\/fr-001\/product\/eagle-k90\/eagle-k90-dualsteer\/#primaryimage\"},\"thumbnailUrl\":\"https:\/\/bcsagri.com\/wp-content\/uploads\/2021\/05\/Eagle-K90-card.png\",\"datePublished\":\"2022-06-17T11:35:59+00:00\",\"dateModified\":\"2025-09-19T09:41:42+00:00\",\"description\":\"Tracteur compact et agile, dot\u00e9 d\u2019un couple moteur puissant, cr\u00e9\u00e9 pour travailler dans les serres, les oliveraies, les vergers et les vignobles m\u00eame en pente, les syst\u00e8mes en pergola ou caract\u00e9ris\u00e9s par des feuillages bas.\",\"breadcrumb\":{\"@id\":\"https:\/\/bcsagri.com\/fr-001\/product\/eagle-k90\/eagle-k90-dualsteer\/#breadcrumb\"},\"inLanguage\":\"fr-001\",\"potentialAction\":[{\"@type\":\"ReadAction\",\"target\":[\"https:\/\/bcsagri.com\/fr-001\/product\/eagle-k90\/eagle-k90-dualsteer\/\"]}]},{\"@type\":\"ImageObject\",\"inLanguage\":\"fr-001\",\"@id\":\"https:\/\/bcsagri.com\/fr-001\/product\/eagle-k90\/eagle-k90-dualsteer\/#primaryimage\",\"url\":\"https:\/\/bcsagri.com\/wp-content\/uploads\/2021\/05\/Eagle-K90-card.png\",\"contentUrl\":\"https:\/\/bcsagri.com\/wp-content\/uploads\/2021\/05\/Eagle-K90-card.png\",\"width\":800,\"height\":600,\"caption\":\"Eagle-K90-card\"},{\"@type\":\"BreadcrumbList\",\"@id\":\"https:\/\/bcsagri.com\/fr-001\/product\/eagle-k90\/eagle-k90-dualsteer\/#breadcrumb\",\"itemListElement\":[{\"@type\":\"ListItem\",\"position\":1,\"name\":\"Home\",\"item\":\"https:\/\/bcsagri.com\/fr-001\/\"},{\"@type\":\"ListItem\",\"position\":2,\"name\":\"Eagle K90\",\"item\":\"https:\/\/bcsagri.com\/fr-001\/product\/eagle-k90\/\"},{\"@type\":\"ListItem\",\"position\":3,\"name\":\"Eagle K90 DUALSTEER\u00ae\"}]},{\"@type\":\"WebSite\",\"@id\":\"https:\/\/bcsagri.com\/fr-001\/#website\",\"url\":\"https:\/\/bcsagri.com\/fr-001\/\",\"name\":\"Bcs\",\"description\":\"\",\"potentialAction\":[{\"@type\":\"SearchAction\",\"target\":{\"@type\":\"EntryPoint\",\"urlTemplate\":\"https:\/\/bcsagri.com\/fr-001\/?s={search_term_string}\"},\"query-input\":{\"@type\":\"PropertyValueSpecification\",\"valueRequired\":true,\"valueName\":\"search_term_string\"}}],\"inLanguage\":\"fr-001\"}]}<\/script>\n<!-- \/ Yoast SEO plugin. -->","yoast_head_json":{"title":"Eagle K90 DUALSTEER\u00ae - Bcs","description":"Tracteur compact et agile, dot\u00e9 d\u2019un couple moteur puissant, cr\u00e9\u00e9 pour travailler dans les serres, les oliveraies, les vergers et les vignobles m\u00eame en pente, les syst\u00e8mes en pergola ou caract\u00e9ris\u00e9s par des feuillages bas.","robots":{"index":"index","follow":"follow","max-snippet":"max-snippet:-1","max-image-preview":"max-image-preview:large","max-video-preview":"max-video-preview:-1"},"canonical":"https:\/\/bcsagri.com\/fr-001\/product\/eagle-k90\/eagle-k90-dualsteer\/","og_locale":"fr_FR","og_type":"article","og_title":"Eagle K90 DUALSTEER\u00ae - Bcs","og_description":"Tracteur compact et agile, dot\u00e9 d\u2019un couple moteur puissant, cr\u00e9\u00e9 pour travailler dans les serres, les oliveraies, les vergers et les vignobles m\u00eame en pente, les syst\u00e8mes en pergola ou caract\u00e9ris\u00e9s par des feuillages bas.","og_url":"https:\/\/bcsagri.com\/fr-001\/product\/eagle-k90\/eagle-k90-dualsteer\/","og_site_name":"Bcs","article_modified_time":"2025-09-19T09:41:42+00:00","og_image":[{"width":800,"height":600,"url":"https:\/\/bcsagri.com\/wp-content\/uploads\/2021\/05\/Eagle-K90-card.png","type":"image\/png"}],"twitter_card":"summary_large_image","twitter_misc":{"Est. reading time":"1 minute"},"schema":{"@context":"https:\/\/schema.org","@graph":[{"@type":"WebPage","@id":"https:\/\/bcsagri.com\/fr-001\/product\/eagle-k90\/eagle-k90-dualsteer\/","url":"https:\/\/bcsagri.com\/fr-001\/product\/eagle-k90\/eagle-k90-dualsteer\/","name":"Eagle K90 DUALSTEER\u00ae - Bcs","isPartOf":{"@id":"https:\/\/bcsagri.com\/fr-001\/#website"},"primaryImageOfPage":{"@id":"https:\/\/bcsagri.com\/fr-001\/product\/eagle-k90\/eagle-k90-dualsteer\/#primaryimage"},"image":{"@id":"https:\/\/bcsagri.com\/fr-001\/product\/eagle-k90\/eagle-k90-dualsteer\/#primaryimage"},"thumbnailUrl":"https:\/\/bcsagri.com\/wp-content\/uploads\/2021\/05\/Eagle-K90-card.png","datePublished":"2022-06-17T11:35:59+00:00","dateModified":"2025-09-19T09:41:42+00:00","description":"Tracteur compact et agile, dot\u00e9 d\u2019un couple moteur puissant, cr\u00e9\u00e9 pour travailler dans les serres, les oliveraies, les vergers et les vignobles m\u00eame en pente, les syst\u00e8mes en pergola ou caract\u00e9ris\u00e9s par des feuillages bas.","breadcrumb":{"@id":"https:\/\/bcsagri.com\/fr-001\/product\/eagle-k90\/eagle-k90-dualsteer\/#breadcrumb"},"inLanguage":"fr-001","potentialAction":[{"@type":"ReadAction","target":["https:\/\/bcsagri.com\/fr-001\/product\/eagle-k90\/eagle-k90-dualsteer\/"]}]},{"@type":"ImageObject","inLanguage":"fr-001","@id":"https:\/\/bcsagri.com\/fr-001\/product\/eagle-k90\/eagle-k90-dualsteer\/#primaryimage","url":"https:\/\/bcsagri.com\/wp-content\/uploads\/2021\/05\/Eagle-K90-card.png","contentUrl":"https:\/\/bcsagri.com\/wp-content\/uploads\/2021\/05\/Eagle-K90-card.png","width":800,"height":600,"caption":"Eagle-K90-card"},{"@type":"BreadcrumbList","@id":"https:\/\/bcsagri.com\/fr-001\/product\/eagle-k90\/eagle-k90-dualsteer\/#breadcrumb","itemListElement":[{"@type":"ListItem","position":1,"name":"Home","item":"https:\/\/bcsagri.com\/fr-001\/"},{"@type":"ListItem","position":2,"name":"Eagle K90","item":"https:\/\/bcsagri.com\/fr-001\/product\/eagle-k90\/"},{"@type":"ListItem","position":3,"name":"Eagle K90 DUALSTEER\u00ae"}]},{"@type":"WebSite","@id":"https:\/\/bcsagri.com\/fr-001\/#website","url":"https:\/\/bcsagri.com\/fr-001\/","name":"Bcs","description":"","potentialAction":[{"@type":"SearchAction","target":{"@type":"EntryPoint","urlTemplate":"https:\/\/bcsagri.com\/fr-001\/?s={search_term_string}"},"query-input":{"@type":"PropertyValueSpecification","valueRequired":true,"valueName":"search_term_string"}}],"inLanguage":"fr-001"}]}},"_links":{"self":[{"href":"https:\/\/bcsagri.com\/fr-001\/wp-json\/wp\/v2\/product\/19403","targetHints":{"allow":["GET"]}}],"collection":[{"href":"https:\/\/bcsagri.com\/fr-001\/wp-json\/wp\/v2\/product"}],"about":[{"href":"https:\/\/bcsagri.com\/fr-001\/wp-json\/wp\/v2\/types\/product"}],"author":[{"embeddable":true,"href":"https:\/\/bcsagri.com\/fr-001\/wp-json\/wp\/v2\/users\/2"}],"up":[{"embeddable":true,"href":"https:\/\/bcsagri.com\/fr-001\/wp-json\/wp\/v2\/product\/19398"}],"wp:featuredmedia":[{"embeddable":true,"href":"https:\/\/bcsagri.com\/fr-001\/wp-json\/wp\/v2\/media\/30454"}],"wp:attachment":[{"href":"https:\/\/bcsagri.com\/fr-001\/wp-json\/wp\/v2\/media?parent=19403"}],"wp:term":[{"taxonomy":"product_category","embeddable":true,"href":"https:\/\/bcsagri.com\/fr-001\/wp-json\/wp\/v2\/product_category?post=19403"},{"taxonomy":"field_of_application","embeddable":true,"href":"https:\/\/bcsagri.com\/fr-001\/wp-json\/wp\/v2\/field_of_application?post=19403"},{"taxonomy":"in_promotion","embeddable":true,"href":"https:\/\/bcsagri.com\/fr-001\/wp-json\/wp\/v2\/in_promotion?post=19403"},{"taxonomy":"filter_mdv-power","embeddable":true,"href":"https:\/\/bcsagri.com\/fr-001\/wp-json\/wp\/v2\/filter_mdv-power?post=19403"},{"taxonomy":"filter_app-field-tractors","embeddable":true,"href":"https:\/\/bcsagri.com\/fr-001\/wp-json\/wp\/v2\/filter_app-field-tractors?post=19403"},{"taxonomy":"filter_use_attrezzature","embeddable":true,"href":"https:\/\/bcsagri.com\/fr-001\/wp-json\/wp\/v2\/filter_use_attrezzature?post=19403"},{"taxonomy":"filter_filter-use_mf-mc","embeddable":true,"href":"https:\/\/bcsagri.com\/fr-001\/wp-json\/wp\/v2\/filter_filter-use_mf-mc?post=19403"},{"taxonomy":"filter_grass-collector","embeddable":true,"href":"https:\/\/bcsagri.com\/fr-001\/wp-json\/wp\/v2\/filter_grass-collector?post=19403"},{"taxonomy":"filter_wheels-type","embeddable":true,"href":"https:\/\/bcsagri.com\/fr-001\/wp-json\/wp\/v2\/filter_wheels-type?post=19403"},{"taxonomy":"filter_driving-position","embeddable":true,"href":"https:\/\/bcsagri.com\/fr-001\/wp-json\/wp\/v2\/filter_driving-position?post=19403"},{"taxonomy":"filter_chassis","embeddable":true,"href":"https:\/\/bcsagri.com\/fr-001\/wp-json\/wp\/v2\/filter_chassis?post=19403"},{"taxonomy":"filter_trattori-power","embeddable":true,"href":"https:\/\/bcsagri.com\/fr-001\/wp-json\/wp\/v2\/filter_trattori-power?post=19403"},{"taxonomy":"filter_conditioner","embeddable":true,"href":"https:\/\/bcsagri.com\/fr-001\/wp-json\/wp\/v2\/filter_conditioner?post=19403"},{"taxonomy":"filter_applicable","embeddable":true,"href":"https:\/\/bcsagri.com\/fr-001\/wp-json\/wp\/v2\/filter_applicable?post=19403"},{"taxonomy":"filter_type","embeddable":true,"href":"https:\/\/bcsagri.com\/fr-001\/wp-json\/wp\/v2\/filter_type?post=19403"},{"taxonomy":"filter_differential","embeddable":true,"href":"https:\/\/bcsagri.com\/fr-001\/wp-json\/wp\/v2\/filter_differential?post=19403"},{"taxonomy":"filter_engine","embeddable":true,"href":"https:\/\/bcsagri.com\/fr-001\/wp-json\/wp\/v2\/filter_engine?post=19403"},{"taxonomy":"filter_clutch","embeddable":true,"href":"https:\/\/bcsagri.com\/fr-001\/wp-json\/wp\/v2\/filter_clutch?post=19403"},{"taxonomy":"filter_transmission","embeddable":true,"href":"https:\/\/bcsagri.com\/fr-001\/wp-json\/wp\/v2\/filter_transmission?post=19403"},{"taxonomy":"filter_use","embeddable":true,"href":"https:\/\/bcsagri.com\/fr-001\/wp-json\/wp\/v2\/filter_use?post=19403"}],"curies":[{"name":"wp","href":"https:\/\/api.w.org\/{rel}","templated":true}]}}