{"id":18190,"date":"2022-05-19T06:34:22","date_gmt":"2022-05-19T06:34:22","guid":{"rendered":"https:\/\/bcsagri.staging2.welcomedigital.it\/?post_type=product&#038;p=18190"},"modified":"2025-03-17T11:56:32","modified_gmt":"2025-03-17T09:56:32","slug":"broyeur-bladerunner","status":"publish","type":"product","link":"https:\/\/bcsagri.com\/fr-fr\/product\/broyeur-bladerunner\/","title":{"rendered":"Broyeur BladeRunner"},"content":{"rendered":"","protected":false},"excerpt":{"rendered":"","protected":false},"author":2,"featured_media":863,"parent":0,"menu_order":900,"template":"","product_category":[151],"field_of_application":[],"in_promotion":[],"filter_mdv-power":[],"filter_app-field-tractors":[],"filter_use_attrezzature":[249,248],"filter_filter-use_mf-mc":[],"filter_grass-collector":[],"filter_wheels-type":[],"filter_driving-position":[],"filter_chassis":[],"filter_trattori-power":[],"filter_conditioner":[],"filter_applicable":[],"filter_type":[],"filter_differential":[],"filter_engine":[],"filter_clutch":[],"filter_transmission":[],"filter_use":[],"class_list":["post-18190","product","type-product","status-publish","has-post-thumbnail","hentry","filter_use_attrezzature-motofaucheuse","filter_use_attrezzature-motoculteur"],"acf":[],"yoast_head":"<!-- This site is optimized with the Yoast SEO plugin v26.3 - https:\/\/yoast.com\/wordpress\/plugins\/seo\/ -->\n<title>Broyeur BladeRunner - Bcs<\/title>\n<meta name=\"description\" content=\"Outil sp\u00e9cifique pour la remise en \u00e9tat et l\u2019entretien \u00e0 toute \u00e9preuve des terrains non cultiv\u00e9s ou pour la destruction des r\u00e9sidus d&#039;\u00e9lagage et le contr\u00f4le des mauvaises herbes que l\u2019on peut trouver dans les all\u00e9es.\" \/>\n<meta name=\"robots\" content=\"index, follow, max-snippet:-1, max-image-preview:large, max-video-preview:-1\" \/>\n<link rel=\"canonical\" href=\"https:\/\/bcsagri.com\/fr-fr\/product\/broyeur-bladerunner\/\" \/>\n<meta property=\"og:locale\" content=\"fr_FR\" \/>\n<meta property=\"og:type\" content=\"article\" \/>\n<meta property=\"og:title\" content=\"Broyeur BladeRunner - Bcs\" \/>\n<meta property=\"og:description\" content=\"Outil sp\u00e9cifique pour la remise en \u00e9tat et l\u2019entretien \u00e0 toute \u00e9preuve des terrains non cultiv\u00e9s ou pour la destruction des r\u00e9sidus d&#039;\u00e9lagage et le contr\u00f4le des mauvaises herbes que l\u2019on peut trouver dans les all\u00e9es.\" \/>\n<meta property=\"og:url\" content=\"https:\/\/bcsagri.com\/fr-fr\/product\/broyeur-bladerunner\/\" \/>\n<meta property=\"og:site_name\" content=\"Bcs\" \/>\n<meta property=\"article:modified_time\" content=\"2025-03-17T09:56:32+00:00\" \/>\n<meta property=\"og:image\" content=\"https:\/\/bcsagri.com\/wp-content\/uploads\/2021\/02\/BladeRunner-card.png\" \/>\n\t<meta property=\"og:image:width\" content=\"800\" \/>\n\t<meta property=\"og:image:height\" content=\"600\" \/>\n\t<meta property=\"og:image:type\" content=\"image\/png\" \/>\n<meta name=\"twitter:card\" content=\"summary_large_image\" \/>\n<meta name=\"twitter:label1\" content=\"Est. reading time\" \/>\n\t<meta name=\"twitter:data1\" content=\"1 minute\" \/>\n<script type=\"application\/ld+json\" class=\"yoast-schema-graph\">{\"@context\":\"https:\/\/schema.org\",\"@graph\":[{\"@type\":\"WebPage\",\"@id\":\"https:\/\/bcsagri.com\/fr-fr\/product\/broyeur-bladerunner\/\",\"url\":\"https:\/\/bcsagri.com\/fr-fr\/product\/broyeur-bladerunner\/\",\"name\":\"Broyeur BladeRunner - Bcs\",\"isPartOf\":{\"@id\":\"https:\/\/bcsagri.com\/fr-fr\/#website\"},\"primaryImageOfPage\":{\"@id\":\"https:\/\/bcsagri.com\/fr-fr\/product\/broyeur-bladerunner\/#primaryimage\"},\"image\":{\"@id\":\"https:\/\/bcsagri.com\/fr-fr\/product\/broyeur-bladerunner\/#primaryimage\"},\"thumbnailUrl\":\"https:\/\/bcsagri.com\/wp-content\/uploads\/2021\/02\/BladeRunner-card.png\",\"datePublished\":\"2022-05-19T06:34:22+00:00\",\"dateModified\":\"2025-03-17T09:56:32+00:00\",\"description\":\"Outil sp\u00e9cifique pour la remise en \u00e9tat et l\u2019entretien \u00e0 toute \u00e9preuve des terrains non cultiv\u00e9s ou pour la destruction des r\u00e9sidus d'\u00e9lagage et le contr\u00f4le des mauvaises herbes que l\u2019on peut trouver dans les all\u00e9es.\",\"breadcrumb\":{\"@id\":\"https:\/\/bcsagri.com\/fr-fr\/product\/broyeur-bladerunner\/#breadcrumb\"},\"inLanguage\":\"fr-FR-formal\",\"potentialAction\":[{\"@type\":\"ReadAction\",\"target\":[\"https:\/\/bcsagri.com\/fr-fr\/product\/broyeur-bladerunner\/\"]}]},{\"@type\":\"ImageObject\",\"inLanguage\":\"fr-FR-formal\",\"@id\":\"https:\/\/bcsagri.com\/fr-fr\/product\/broyeur-bladerunner\/#primaryimage\",\"url\":\"https:\/\/bcsagri.com\/wp-content\/uploads\/2021\/02\/BladeRunner-card.png\",\"contentUrl\":\"https:\/\/bcsagri.com\/wp-content\/uploads\/2021\/02\/BladeRunner-card.png\",\"width\":800,\"height\":600,\"caption\":\"Trinciaerba BladeRunner\"},{\"@type\":\"BreadcrumbList\",\"@id\":\"https:\/\/bcsagri.com\/fr-fr\/product\/broyeur-bladerunner\/#breadcrumb\",\"itemListElement\":[{\"@type\":\"ListItem\",\"position\":1,\"name\":\"Home\",\"item\":\"https:\/\/bcsagri.com\/fr-fr\/\"},{\"@type\":\"ListItem\",\"position\":2,\"name\":\"Broyeur BladeRunner\"}]},{\"@type\":\"WebSite\",\"@id\":\"https:\/\/bcsagri.com\/fr-fr\/#website\",\"url\":\"https:\/\/bcsagri.com\/fr-fr\/\",\"name\":\"Bcs\",\"description\":\"\",\"potentialAction\":[{\"@type\":\"SearchAction\",\"target\":{\"@type\":\"EntryPoint\",\"urlTemplate\":\"https:\/\/bcsagri.com\/fr-fr\/?s={search_term_string}\"},\"query-input\":{\"@type\":\"PropertyValueSpecification\",\"valueRequired\":true,\"valueName\":\"search_term_string\"}}],\"inLanguage\":\"fr-FR-formal\"}]}<\/script>\n<!-- \/ Yoast SEO plugin. -->","yoast_head_json":{"title":"Broyeur BladeRunner - Bcs","description":"Outil sp\u00e9cifique pour la remise en \u00e9tat et l\u2019entretien \u00e0 toute \u00e9preuve des terrains non cultiv\u00e9s ou pour la destruction des r\u00e9sidus d'\u00e9lagage et le contr\u00f4le des mauvaises herbes que l\u2019on peut trouver dans les all\u00e9es.","robots":{"index":"index","follow":"follow","max-snippet":"max-snippet:-1","max-image-preview":"max-image-preview:large","max-video-preview":"max-video-preview:-1"},"canonical":"https:\/\/bcsagri.com\/fr-fr\/product\/broyeur-bladerunner\/","og_locale":"fr_FR","og_type":"article","og_title":"Broyeur BladeRunner - Bcs","og_description":"Outil sp\u00e9cifique pour la remise en \u00e9tat et l\u2019entretien \u00e0 toute \u00e9preuve des terrains non cultiv\u00e9s ou pour la destruction des r\u00e9sidus d'\u00e9lagage et le contr\u00f4le des mauvaises herbes que l\u2019on peut trouver dans les all\u00e9es.","og_url":"https:\/\/bcsagri.com\/fr-fr\/product\/broyeur-bladerunner\/","og_site_name":"Bcs","article_modified_time":"2025-03-17T09:56:32+00:00","og_image":[{"width":800,"height":600,"url":"https:\/\/bcsagri.com\/wp-content\/uploads\/2021\/02\/BladeRunner-card.png","type":"image\/png"}],"twitter_card":"summary_large_image","twitter_misc":{"Est. reading time":"1 minute"},"schema":{"@context":"https:\/\/schema.org","@graph":[{"@type":"WebPage","@id":"https:\/\/bcsagri.com\/fr-fr\/product\/broyeur-bladerunner\/","url":"https:\/\/bcsagri.com\/fr-fr\/product\/broyeur-bladerunner\/","name":"Broyeur BladeRunner - Bcs","isPartOf":{"@id":"https:\/\/bcsagri.com\/fr-fr\/#website"},"primaryImageOfPage":{"@id":"https:\/\/bcsagri.com\/fr-fr\/product\/broyeur-bladerunner\/#primaryimage"},"image":{"@id":"https:\/\/bcsagri.com\/fr-fr\/product\/broyeur-bladerunner\/#primaryimage"},"thumbnailUrl":"https:\/\/bcsagri.com\/wp-content\/uploads\/2021\/02\/BladeRunner-card.png","datePublished":"2022-05-19T06:34:22+00:00","dateModified":"2025-03-17T09:56:32+00:00","description":"Outil sp\u00e9cifique pour la remise en \u00e9tat et l\u2019entretien \u00e0 toute \u00e9preuve des terrains non cultiv\u00e9s ou pour la destruction des r\u00e9sidus d'\u00e9lagage et le contr\u00f4le des mauvaises herbes que l\u2019on peut trouver dans les all\u00e9es.","breadcrumb":{"@id":"https:\/\/bcsagri.com\/fr-fr\/product\/broyeur-bladerunner\/#breadcrumb"},"inLanguage":"fr-FR-formal","potentialAction":[{"@type":"ReadAction","target":["https:\/\/bcsagri.com\/fr-fr\/product\/broyeur-bladerunner\/"]}]},{"@type":"ImageObject","inLanguage":"fr-FR-formal","@id":"https:\/\/bcsagri.com\/fr-fr\/product\/broyeur-bladerunner\/#primaryimage","url":"https:\/\/bcsagri.com\/wp-content\/uploads\/2021\/02\/BladeRunner-card.png","contentUrl":"https:\/\/bcsagri.com\/wp-content\/uploads\/2021\/02\/BladeRunner-card.png","width":800,"height":600,"caption":"Trinciaerba BladeRunner"},{"@type":"BreadcrumbList","@id":"https:\/\/bcsagri.com\/fr-fr\/product\/broyeur-bladerunner\/#breadcrumb","itemListElement":[{"@type":"ListItem","position":1,"name":"Home","item":"https:\/\/bcsagri.com\/fr-fr\/"},{"@type":"ListItem","position":2,"name":"Broyeur BladeRunner"}]},{"@type":"WebSite","@id":"https:\/\/bcsagri.com\/fr-fr\/#website","url":"https:\/\/bcsagri.com\/fr-fr\/","name":"Bcs","description":"","potentialAction":[{"@type":"SearchAction","target":{"@type":"EntryPoint","urlTemplate":"https:\/\/bcsagri.com\/fr-fr\/?s={search_term_string}"},"query-input":{"@type":"PropertyValueSpecification","valueRequired":true,"valueName":"search_term_string"}}],"inLanguage":"fr-FR-formal"}]}},"_links":{"self":[{"href":"https:\/\/bcsagri.com\/fr-fr\/wp-json\/wp\/v2\/product\/18190","targetHints":{"allow":["GET"]}}],"collection":[{"href":"https:\/\/bcsagri.com\/fr-fr\/wp-json\/wp\/v2\/product"}],"about":[{"href":"https:\/\/bcsagri.com\/fr-fr\/wp-json\/wp\/v2\/types\/product"}],"author":[{"embeddable":true,"href":"https:\/\/bcsagri.com\/fr-fr\/wp-json\/wp\/v2\/users\/2"}],"wp:featuredmedia":[{"embeddable":true,"href":"https:\/\/bcsagri.com\/fr-fr\/wp-json\/wp\/v2\/media\/863"}],"wp:attachment":[{"href":"https:\/\/bcsagri.com\/fr-fr\/wp-json\/wp\/v2\/media?parent=18190"}],"wp:term":[{"taxonomy":"product_category","embeddable":true,"href":"https:\/\/bcsagri.com\/fr-fr\/wp-json\/wp\/v2\/product_category?post=18190"},{"taxonomy":"field_of_application","embeddable":true,"href":"https:\/\/bcsagri.com\/fr-fr\/wp-json\/wp\/v2\/field_of_application?post=18190"},{"taxonomy":"in_promotion","embeddable":true,"href":"https:\/\/bcsagri.com\/fr-fr\/wp-json\/wp\/v2\/in_promotion?post=18190"},{"taxonomy":"filter_mdv-power","embeddable":true,"href":"https:\/\/bcsagri.com\/fr-fr\/wp-json\/wp\/v2\/filter_mdv-power?post=18190"},{"taxonomy":"filter_app-field-tractors","embeddable":true,"href":"https:\/\/bcsagri.com\/fr-fr\/wp-json\/wp\/v2\/filter_app-field-tractors?post=18190"},{"taxonomy":"filter_use_attrezzature","embeddable":true,"href":"https:\/\/bcsagri.com\/fr-fr\/wp-json\/wp\/v2\/filter_use_attrezzature?post=18190"},{"taxonomy":"filter_filter-use_mf-mc","embeddable":true,"href":"https:\/\/bcsagri.com\/fr-fr\/wp-json\/wp\/v2\/filter_filter-use_mf-mc?post=18190"},{"taxonomy":"filter_grass-collector","embeddable":true,"href":"https:\/\/bcsagri.com\/fr-fr\/wp-json\/wp\/v2\/filter_grass-collector?post=18190"},{"taxonomy":"filter_wheels-type","embeddable":true,"href":"https:\/\/bcsagri.com\/fr-fr\/wp-json\/wp\/v2\/filter_wheels-type?post=18190"},{"taxonomy":"filter_driving-position","embeddable":true,"href":"https:\/\/bcsagri.com\/fr-fr\/wp-json\/wp\/v2\/filter_driving-position?post=18190"},{"taxonomy":"filter_chassis","embeddable":true,"href":"https:\/\/bcsagri.com\/fr-fr\/wp-json\/wp\/v2\/filter_chassis?post=18190"},{"taxonomy":"filter_trattori-power","embeddable":true,"href":"https:\/\/bcsagri.com\/fr-fr\/wp-json\/wp\/v2\/filter_trattori-power?post=18190"},{"taxonomy":"filter_conditioner","embeddable":true,"href":"https:\/\/bcsagri.com\/fr-fr\/wp-json\/wp\/v2\/filter_conditioner?post=18190"},{"taxonomy":"filter_applicable","embeddable":true,"href":"https:\/\/bcsagri.com\/fr-fr\/wp-json\/wp\/v2\/filter_applicable?post=18190"},{"taxonomy":"filter_type","embeddable":true,"href":"https:\/\/bcsagri.com\/fr-fr\/wp-json\/wp\/v2\/filter_type?post=18190"},{"taxonomy":"filter_differential","embeddable":true,"href":"https:\/\/bcsagri.com\/fr-fr\/wp-json\/wp\/v2\/filter_differential?post=18190"},{"taxonomy":"filter_engine","embeddable":true,"href":"https:\/\/bcsagri.com\/fr-fr\/wp-json\/wp\/v2\/filter_engine?post=18190"},{"taxonomy":"filter_clutch","embeddable":true,"href":"https:\/\/bcsagri.com\/fr-fr\/wp-json\/wp\/v2\/filter_clutch?post=18190"},{"taxonomy":"filter_transmission","embeddable":true,"href":"https:\/\/bcsagri.com\/fr-fr\/wp-json\/wp\/v2\/filter_transmission?post=18190"},{"taxonomy":"filter_use","embeddable":true,"href":"https:\/\/bcsagri.com\/fr-fr\/wp-json\/wp\/v2\/filter_use?post=18190"}],"curies":[{"name":"wp","href":"https:\/\/api.w.org\/{rel}","templated":true}]}}